{"id":3750,"date":"2020-12-26T12:53:00","date_gmt":"2020-12-26T12:53:00","guid":{"rendered":"https:\/\/ozeldipnotpoliklinigi.com\/?page_id=3750"},"modified":"2024-07-20T10:54:07","modified_gmt":"2024-07-20T10:54:07","slug":"hakkimizda","status":"publish","type":"page","link":"https:\/\/ozeldipnotpoliklinigi.com\/?page_id=3750","title":{"rendered":"Hakk\u0131m\u0131zda"},"content":{"rendered":"\t\t<div data-elementor-type=\"wp-page\" data-elementor-id=\"3750\" class=\"elementor elementor-3750\">\n\t\t\t\t\t\t<section class=\"elementor-section elementor-top-section elementor-element elementor-element-95ac6a8 elementor-section-boxed elementor-section-height-default elementor-section-height-default sc_fly_static\" data-id=\"95ac6a8\" data-element_type=\"section\">\n\t\t\t\t\t\t<div class=\"elementor-container elementor-column-gap-extended\">\n\t\t\t\t\t<div class=\"elementor-column elementor-col-100 elementor-top-column elementor-element elementor-element-3b64666 sc_inner_width_none sc_content_align_inherit sc_layouts_column_icons_position_left sc_fly_static\" data-id=\"3b64666\" data-element_type=\"column\">\n\t\t\t<div class=\"elementor-widget-wrap elementor-element-populated\">\n\t\t\t\t\t\t<div class=\"elementor-element elementor-element-bbc4d13 sc_fly_static elementor-widget elementor-widget-spacer\" data-id=\"bbc4d13\" data-element_type=\"widget\" data-widget_type=\"spacer.default\">\n\t\t\t\t<div class=\"elementor-widget-container\">\n\t\t\t\t\t<div class=\"elementor-spacer\">\n\t\t\t<div class=\"elementor-spacer-inner\"><\/div>\n\t\t<\/div>\n\t\t\t\t<\/div>\n\t\t\t\t<\/div>\n\t\t\t\t\t<\/div>\n\t\t<\/div>\n\t\t\t\t\t<\/div>\n\t\t<\/section>\n\t\t\t\t<section class=\"elementor-section elementor-top-section elementor-element elementor-element-c46e7cd elementor-section-boxed elementor-section-height-default elementor-section-height-default sc_fly_static\" data-id=\"c46e7cd\" data-element_type=\"section\">\n\t\t\t\t\t\t<div class=\"elementor-container elementor-column-gap-extended\">\n\t\t\t\t\t<div class=\"elementor-column elementor-col-50 elementor-top-column elementor-element elementor-element-9c30535 sc_inner_width_none sc_content_align_inherit sc_layouts_column_icons_position_left sc_fly_static\" data-id=\"9c30535\" data-element_type=\"column\">\n\t\t\t<div class=\"elementor-widget-wrap elementor-element-populated\">\n\t\t\t\t\t\t<div class=\"elementor-element elementor-element-615387c sc_fly_static elementor-widget elementor-widget-image\" data-id=\"615387c\" data-element_type=\"widget\" data-widget_type=\"image.default\">\n\t\t\t\t<div class=\"elementor-widget-container\">\n\t\t\t\t\t\t\t\t\t\t\t\t\t<img fetchpriority=\"high\" decoding=\"async\" width=\"410\" height=\"615\" src=\"https:\/\/ozeldipnotpoliklinigi.com\/wp-content\/uploads\/2024\/07\/WhatsApp-Gorsel-2024-07-17-saat-16.47.39_4e077100-410x615.jpg\" class=\"attachment-qwery-thumb-masonry size-qwery-thumb-masonry wp-image-18355\" alt=\"\" srcset=\"https:\/\/ozeldipnotpoliklinigi.com\/wp-content\/uploads\/2024\/07\/WhatsApp-Gorsel-2024-07-17-saat-16.47.39_4e077100-410x615.jpg 410w, https:\/\/ozeldipnotpoliklinigi.com\/wp-content\/uploads\/2024\/07\/WhatsApp-Gorsel-2024-07-17-saat-16.47.39_4e077100-200x300.jpg 200w, https:\/\/ozeldipnotpoliklinigi.com\/wp-content\/uploads\/2024\/07\/WhatsApp-Gorsel-2024-07-17-saat-16.47.39_4e077100-682x1024.jpg 682w, https:\/\/ozeldipnotpoliklinigi.com\/wp-content\/uploads\/2024\/07\/WhatsApp-Gorsel-2024-07-17-saat-16.47.39_4e077100-768x1153.jpg 768w, https:\/\/ozeldipnotpoliklinigi.com\/wp-content\/uploads\/2024\/07\/WhatsApp-Gorsel-2024-07-17-saat-16.47.39_4e077100-1023x1536.jpg 1023w, https:\/\/ozeldipnotpoliklinigi.com\/wp-content\/uploads\/2024\/07\/WhatsApp-Gorsel-2024-07-17-saat-16.47.39_4e077100-370x555.jpg 370w, https:\/\/ozeldipnotpoliklinigi.com\/wp-content\/uploads\/2024\/07\/WhatsApp-Gorsel-2024-07-17-saat-16.47.39_4e077100-840x1261.jpg 840w, https:\/\/ozeldipnotpoliklinigi.com\/wp-content\/uploads\/2024\/07\/WhatsApp-Gorsel-2024-07-17-saat-16.47.39_4e077100.jpg 1066w\" sizes=\"(max-width: 600px) 100vw, 410px\" \/>\t\t\t\t\t\t\t\t\t\t\t\t\t<\/div>\n\t\t\t\t<\/div>\n\t\t\t\t\t<\/div>\n\t\t<\/div>\n\t\t\t\t<div class=\"elementor-column elementor-col-50 elementor-top-column elementor-element elementor-element-78b9efb sc_inner_width_none sc_content_align_inherit sc_layouts_column_icons_position_left sc_fly_static\" data-id=\"78b9efb\" data-element_type=\"column\">\n\t\t\t<div class=\"elementor-widget-wrap elementor-element-populated\">\n\t\t\t\t\t\t<div class=\"elementor-element elementor-element-4213c80 sc_fly_static elementor-widget elementor-widget-trx_sc_title\" data-id=\"4213c80\" data-element_type=\"widget\" data-widget_type=\"trx_sc_title.default\">\n\t\t\t\t<div class=\"elementor-widget-container\">\n\t\t\t<div\t\tclass=\"sc_title sc_title_default\" ><span class=\"sc_item_subtitle sc_title_subtitle sc_align_left sc_item_subtitle_above sc_item_title_style_default\">\u00d6zel Dip Not Poliklini\u011fi<\/span><h1 class=\"sc_item_title sc_title_title sc_align_left sc_item_title_style_default sc_item_title_tag\"\n\t\t\t><span class=\"sc_item_title_text\">Hakk\u0131m\u0131zda<\/span><\/h1><div class=\"sc_item_descr sc_title_descr sc_align_left\"><p>2004 y\u0131l\u0131nda Dr.Meltem \u00c7etin taraf\u0131ndan kurulan \u00d6zel Dipnot poliklini\u011fi olarak \u00c7anakkalede hizmet vermekteyiz.20 y\u0131l\u0131 a\u015fk\u0131n s\u00fcredir kat\u0131ld\u0131\u011f\u0131m yurt i\u00e7i ve yurt d\u0131\u015f\u0131 kongrelerde Medikal Estetik alan\u0131nda en sa\u011fl\u0131kl\u0131 en yenilik\u00e7i tedavileri hizmetinize sunmaktan hep gurur duyduk.Son sistem cihaz parkurumuzla ya\u015f\u0131n\u0131n en g\u00fczel ve en iyi halini ya\u015famak isteyen bay ve bayanlar y\u00fcz ve beden muayenesi sonras\u0131 ki\u015fiye \u00f6zel \u00e7\u0131kar\u0131lan y\u0131ll\u0131k ki\u015fisel Estetik ve bak\u0131m takvimiyle gen\u00e7le\u015fiyorlar.<\/p>\n<\/div><\/div>\t\t<\/div>\n\t\t\t\t<\/div>\n\t\t\t\t<div class=\"elementor-element elementor-element-7841548 sc_fly_static elementor-widget elementor-widget-spacer\" data-id=\"7841548\" data-element_type=\"widget\" data-widget_type=\"spacer.default\">\n\t\t\t\t<div class=\"elementor-widget-container\">\n\t\t\t\t\t<div class=\"elementor-spacer\">\n\t\t\t<div class=\"elementor-spacer-inner\"><\/div>\n\t\t<\/div>\n\t\t\t\t<\/div>\n\t\t\t\t<\/div>\n\t\t\t\t<div class=\"elementor-element elementor-element-f2b05d9 sc_fly_static elementor-widget elementor-widget-trx_sc_button\" data-id=\"f2b05d9\" data-element_type=\"widget\" data-widget_type=\"trx_sc_button.default\">\n\t\t\t\t<div class=\"elementor-widget-container\">\n\t\t\t<div\tclass=\"sc_item_button sc_button_wrap sc_align_left\" ><a href=\"\/iletisim\/\" class=\"sc_button sc_button_default sc_button_size_normal sc_button_icon_left\" ><span class=\"sc_button_text\"><span class=\"sc_button_title\">\u0130leti\u015fim<\/span><\/span><\/a><\/div>\t\t<\/div>\n\t\t\t\t<\/div>\n\t\t\t\t\t<\/div>\n\t\t<\/div>\n\t\t\t\t\t<\/div>\n\t\t<\/section>\n\t\t\t\t<\/div>\n\t\t","protected":false},"excerpt":{"rendered":"<p>\u00d6zel Dip Not Poliklini\u011fi Hakk\u0131m\u0131zda 2004 y\u0131l\u0131nda Dr.Meltem \u00c7etin taraf\u0131ndan kurulan \u00d6zel Dipnot poliklini\u011fi olarak \u00c7anakkalede hizmet vermekteyiz.20 y\u0131l\u0131 a\u015fk\u0131n s\u00fcredir kat\u0131ld\u0131\u011f\u0131m yurt i\u00e7i ve yurt d\u0131\u015f\u0131 kongrelerde Medikal Estetik&hellip;<\/p>\n","protected":false},"author":1,"featured_media":0,"parent":0,"menu_order":0,"comment_status":"closed","ping_status":"closed","template":"","meta":{"_joinchat":[],"footnotes":""},"class_list":["post-3750","page","type-page","status-publish","hentry"],"_links":{"self":[{"href":"https:\/\/ozeldipnotpoliklinigi.com\/index.php?rest_route=\/wp\/v2\/pages\/3750","targetHints":{"allow":["GET"]}}],"collection":[{"href":"https:\/\/ozeldipnotpoliklinigi.com\/index.php?rest_route=\/wp\/v2\/pages"}],"about":[{"href":"https:\/\/ozeldipnotpoliklinigi.com\/index.php?rest_route=\/wp\/v2\/types\/page"}],"author":[{"embeddable":true,"href":"https:\/\/ozeldipnotpoliklinigi.com\/index.php?rest_route=\/wp\/v2\/users\/1"}],"replies":[{"embeddable":true,"href":"https:\/\/ozeldipnotpoliklinigi.com\/index.php?rest_route=%2Fwp%2Fv2%2Fcomments&post=3750"}],"version-history":[{"count":13,"href":"https:\/\/ozeldipnotpoliklinigi.com\/index.php?rest_route=\/wp\/v2\/pages\/3750\/revisions"}],"predecessor-version":[{"id":18389,"href":"https:\/\/ozeldipnotpoliklinigi.com\/index.php?rest_route=\/wp\/v2\/pages\/3750\/revisions\/18389"}],"wp:attachment":[{"href":"https:\/\/ozeldipnotpoliklinigi.com\/index.php?rest_route=%2Fwp%2Fv2%2Fmedia&parent=3750"}],"curies":[{"name":"wp","href":"https:\/\/api.w.org\/{rel}","templated":true}]}}